{"id":784,"date":"2014-12-12T20:14:25","date_gmt":"2014-12-12T19:14:25","guid":{"rendered":" http:\/\/way-wise.com\/?page_id=784"},"modified":"2015-01-26T17:11:12","modified_gmt":"2015-01-26T16:11:12","slug":"expertise-sciences-de-la-vie-sante","status":"publish","type":"page","link":"https:\/\/way-wise.com\/fr\/expertise-sciences-de-la-vie-sante\/","title":{"rendered":"Expertise : Sciences de la vie \/ Sant\u00e9"},"content":{"rendered":"<div class=\"fusion-fullwidth fullwidth-box\" style=\"background-attachment:scroll;background-color:no;background-position:left top;background-repeat:no-repeat;-webkit-background-size:cover;-moz-background-size:cover;-o-background-size:cover;background-size:cover;border-color:#eae9e9;border-bottom-width: 0px;border-top-width: 0px;border-bottom-style: solid;border-top-style: solid;padding-bottom:0px;padding-left:0px;padding-right:0px;padding-top:0px;\"><div class=\"avada-row\"><style>#wrapper .fusion-button.button-1{border-width:0px;color:#fff;border-color:#fff;}#wrapper .fusion-button.button-1:hover,.fusion-button.button-1:focus,.fusion-button.button-1:active{border-width:0px;border-color:#fff;color:#fff;}#wrapper .fusion-button.button-1{background: #a0ce4e;}#wrapper .fusion-button.button-1:hover,.button-1:focus,.fusion-button.button-1:active{background: #96c346;}<\/style><a class=\"button large button default fusion-button button-flat button-round button-large button-default button-1 buttonshadow-1\" type=\"button\" target=\"_self\" title=\"Retour aux expertises\" href=\" http:\/\/way-wise.com\/?lang=fr#expertises\"><i class=\"fa fa-chevron-left button-icon-left\"><\/i><span class=\"fusion-button-text\"> Retour aux expertises<\/span><\/a><div class=\"fusion-sep-clear\"><\/div><div class=\"fusion-separator fusion-full-width-sep sep-none\" style=\"border-color:#e0dede;margin-top:25px;\"><\/div><div class=\"fusion-title title sep-underline sep-solid\" style=\"border-bottom-color:#b3ccd1;\"><h1 class=\"title-heading-left\">Sciences de la vie \/ Sant\u00e9<\/h1><\/div><div class=\"fusion-two-fifth fusion-column\"><a href=\" http:\/\/way-wise.com\/wp-content\/uploads\/2014\/12\/sante.jpg\"><img loading=\"lazy\" decoding=\"async\" class=\"alignnone wp-image-833 size-full\" src=\" http:\/\/way-wise.com\/wp-content\/uploads\/2014\/12\/sante.jpg\" alt=\"\" width=\"400\" height=\"200\" srcset=\"https:\/\/way-wise.com\/wp-content\/uploads\/2014\/12\/sante.jpg 400w, https:\/\/way-wise.com\/wp-content\/uploads\/2014\/12\/sante-300x150.jpg 300w\" sizes=\"auto, (max-width: 400px) 100vw, 400px\" \/><\/a><\/p>\n<p>Si la sant\u00e9 est au c\u0153ur des pr\u00e9occupations quotidiennes du grand public, la r\u00e9gulation et la complexit\u00e9 de ces march\u00e9s les rendent passionnants mais aussi exigeants en mati\u00e8re de Leadership. Nous accompagnons sur leurs diff\u00e9rents m\u00e9tiers et leurs diff\u00e9rentes probl\u00e9matiques des groupes du secteur Pharmaceutique, du Mat\u00e9riel et de l\u2019Equipement M\u00e9dical, des Biotechnologies, du Diagnostic,\u00a0de la Sant\u00e9 Animale\u00a0que des H\u00f4pitaux et\u00a0et Structures publiques.<\/div><div class=\"fusion-three-fifth fusion-column last\"><div class=\"fusion-title title sep-underline sep-solid\"><h4 class=\"title-heading-left\">L&rsquo;Industrie Pharmaceutique<\/h4><\/div><div class=\"fusion-counters-circle counters-circle\"><div class=\"counter-circle-wrapper\" style=\"height:200px;width:200px;line-height:200px;\"><div class=\"fusion-counter-circle counter-circle counter-circle-content\" data-percent=\"100\" data-countdown data-filledcolor=\"#005463\" data-unfilledcolor=\"#f9f9f9\" data-scale data-size=\"200\" data-speed=\"1500\" data-strokesize=\"10\" style=\"font-size:45.454545454545px;height:200px;width:200px;line-height:200px;\">700000<\/div><\/div><div class=\"counter-circle-wrapper\" style=\"height:200px;width:200px;line-height:200px;\"><div class=\"fusion-counter-circle counter-circle counter-circle-content\" data-percent=\"100\" data-countdown data-filledcolor=\"#b7cfd3\" data-unfilledcolor=\"#f9f9f9\" data-scale data-size=\"200\" data-speed=\"1500\" data-strokesize=\"10\" style=\"font-size:45.454545454545px;height:200px;width:200px;line-height:200px;\">30<\/div><\/div><div class=\"counter-circle-wrapper\" style=\"height:200px;width:200px;line-height:200px;\"><div class=\"fusion-counter-circle counter-circle counter-circle-content\" data-percent=\"100\" data-countdown data-filledcolor=\"#b7cfd3\" data-unfilledcolor=\"#f9f9f9\" data-scale data-size=\"200\" data-speed=\"1500\" data-strokesize=\"10\" style=\"font-size:45.454545454545px;height:200px;width:200px;line-height:200px;\">1172<\/div><\/div><\/div>\n<h3 style=\"text-align: center;\"><div class=\"fusion-one-third one_third fusion-column\">Emplois en UE et g\u00e9n\u00e8re 3 \u00e0 4 fois plus en emplois indirects<\/div>\n<div class=\"fusion-one-third one_third fusion-column\">Billion d&rsquo;euros d&rsquo;investissement en R&amp;D, 2012<\/div>\n<div class=\"fusion-one-third one_third fusion-column last\">Billion d&rsquo;euros pour la R&amp;D d&rsquo;un nouveau m\u00e9dicament<\/div><div class=\"fusion-clearfix\"><\/div><\/h3>\n<div class=\"fusion-sep-clear\"><\/div><div class=\"fusion-separator fusion-full-width-sep sep-none\" style=\"border-color:#e0dede;margin-top:30px;\"><\/div><div class=\"fusion-title title sep-underline sep-solid\"><h4 class=\"title-heading-left\">Estimated cost of bringing a new chemical or biological entity to market <span style=\"color: #999999;\">(USD million)<\/span><\/h4><\/div><div class=\"fusion-counters-circle counters-circle\"><div class=\"counter-circle-wrapper\" style=\"height:250px;width:250px;line-height:250px;\"><div class=\"fusion-counter-circle counter-circle counter-circle-content\" data-percent=\"100\" data-countdown data-filledcolor=\"#005463\" data-unfilledcolor=\"#f9f9f9\" data-scale data-size=\"250\" data-speed=\"1500\" data-strokesize=\"12.5\" style=\"font-size:56.818181818182px;height:250px;width:250px;line-height:250px;\">1506<\/div><\/div><div class=\"counter-circle-wrapper\" style=\"height:200px;width:200px;line-height:200px;\"><div class=\"fusion-counter-circle counter-circle counter-circle-content\" data-percent=\"100\" data-countdown data-filledcolor=\"#b7cfd3\" data-unfilledcolor=\"#f9f9f9\" data-scale data-size=\"200\" data-speed=\"1500\" data-strokesize=\"10\" style=\"font-size:45.454545454545px;height:200px;width:200px;line-height:200px;\">1031<\/div><\/div><div class=\"counter-circle-wrapper\" style=\"height:100px;width:100px;line-height:100px;\"><div class=\"fusion-counter-circle counter-circle counter-circle-content\" data-percent=\"100\" data-countdown data-filledcolor=\"#b7cfd3\" data-unfilledcolor=\"#f9f9f9\" data-scale data-size=\"100\" data-speed=\"1500\" data-strokesize=\"5\" style=\"font-size:22.727272727273px;height:100px;width:100px;line-height:100px;\">625<\/div><\/div><\/div>\n<h3 style=\"text-align: center;\"><div class=\"fusion-one-half one_half fusion-column\">2012<\/div>\n<div class=\"fusion-one-fourth one_fourth fusion-column\">2003<\/div>\n<div class=\"fusion-one-fourth one_fourth fusion-column last\">1993<\/div><div class=\"fusion-clearfix\"><\/div><\/h3>\n<div class=\"fusion-sep-clear\"><\/div><div class=\"fusion-separator fusion-full-width-sep sep-none\" style=\"border-color:#e0dede;margin-top:35px;\"><\/div><\/div><div class=\"fusion-clearfix\"><\/div><div class=\"fusion-two-fifth fusion-column\">\n<h4>Le secteur de l\u2019Industrie Pharmaceutique<\/h4>\n<p>L\u2019industrie pharmaceutique conna\u00eet une mutation profonde\u00a0: r\u00e9gulation accrue, consolidation et r\u00e9duction du nombre de ses acteurs, remise en cause des principes de R&amp;D\u2026 Les groupes pharmaceutiques ont pris \u00e0 bras le corps ces changements profonds et les Leaders de cette industrie sont<b>\u00a0<\/b>confront\u00e9s \u00e0 des probl\u00e9matiques humaines et \u00e9conomiques majeures. Ils n\u2019en restent pas moins que le secteur pharmaceutique rec\u00e8le de Leaders exceptionnels dont la dimension internationale et strat\u00e9gique est reconnue.<\/p>\n<h4>Le secteur du Mat\u00e9riel et Equipement M\u00e9dical<\/h4>\n<p>Ce secteur dynamique et innovant a connu des mutations majeures ces derni\u00e8res ann\u00e9es. Outre une consolidation des ses acteurs, le focus mis sur les pays \u00e9mergents requiert, de ses Leaders, une agilit\u00e9 business et une dimension strat\u00e9gique av\u00e9r\u00e9e.<\/p>\n<h4>Le secteur du Diagnostic m\u00e9dical<\/h4>\n<p>Les groupes qui interviennent dans le diagnostic ont connu une \u00e9volution majeure ces derni\u00e8res ann\u00e9e avec l\u2019accent mis sur la pr\u00e9vention ainsi que le d\u00e9veloppement d\u2019une m\u00e9decine plus personnalis\u00e9e. Ce secteur a d\u00e9velopp\u00e9 des innovations qui sur le march\u00e9 aujourd\u2019hui transforment l\u2019exercice de la m\u00e9decine. D\u2019autres avanc\u00e9es d\u00e9cisives vont voir le jour dans les ann\u00e9es \u00e0 venir et les Dirigeants de ces secteurs ont d\u00e9velopp\u00e9 des comp\u00e9tences extr\u00eamement valoris\u00e9es.<\/div><div class=\"fusion-three-fifth fusion-column last\">\n<h4>Le secteur des Biotechnologies<\/h4>\n<p>Par leurs sp\u00e9cificit\u00e9s structurelles, financi\u00e8res et de recherche, les Soci\u00e9t\u00e9s de Biotechnologies ont des caract\u00e9ristiques extr\u00eamement particuli\u00e8res. Elles requi\u00e8rent \u00e0 chaque stade de leur d\u00e9veloppement qu\u2019une attention particuli\u00e8re soit apport\u00e9e \u00e0 leur management qui doit se montrer r\u00e9actif, connect\u00e9 et catalyseur de vision et porteur de solution lorsqu\u2019un obstacle se pr\u00e9sente.<\/p>\n<h4>Le secteur Dermo-cosm\u00e9tique<\/h4>\n<p>Le march\u00e9 de la Dermo Cosm\u00e9tique conna\u00eet un d\u00e9veloppement passionnant. A mi-chemin entre le grand public et la sant\u00e9, l\u2019innovation y occupe une place centrale et le d\u00e9veloppement global y est clef avec l\u2019\u00e9mergence d\u2019opportunit\u00e9s exceptionnelles en Asie notamment.<\/p>\n<h4>Le secteur Hospitalier<\/h4>\n<p>Le management des centres hospitaliers requiert une expertise extr\u00eamement particuli\u00e8re qui au del\u00e0 de sa dimension technique met en \u0153uvre des qualit\u00e9s d\u2019adaptation aux multiples probl\u00e9matiques humaines et \u00e9conomiques.<\/p>\n<h4>Sant\u00e9 Animale<\/h4>\n<p>Secteur clef dans le d\u00e9veloppement \u00e9conomique mondial. La croissance des industries v\u00e9t\u00e9rinaires s\u2019appuie sur le dynamisme de son innovation ainsi que sur l\u2019essor international dans les pays \u00e9mergents et la consolidation dans les pays matures des ventes de ses produits.<\/div><div class=\"fusion-clearfix\"><\/div><\/div><\/div><div class=\"fusion-sep-clear\"><\/div><div class=\"fusion-separator fusion-full-width-sep sep-none\" style=\"border-color:#e0dede;margin-top:35px;\"><\/div><div class=\"fusion-fullwidth fullwidth-box\" style=\"background-attachment:scroll;background-color:no;background-image: url( http:\/\/way-wise.com\/wp-content\/uploads\/2014\/11\/bg-slider.jpg);background-position:left top;background-repeat:repeat;border-color:#ffffff;border-bottom-width: 20px;border-top-width: 20px;border-bottom-style: solid;border-top-style: solid;padding-bottom:0px;padding-left:0px;padding-right:0px;padding-top:50px;\"><div class=\"avada-row\"><div class=\"fusion-two-fifth fusion-column\">\n<p style=\"text-align: center;\"><img loading=\"lazy\" decoding=\"async\" class=\"alignnone size-full wp-image-1231\" src=\" http:\/\/way-wise.com\/wp-content\/uploads\/2015\/01\/logo-white-lead-new.png\" alt=\"logo-white-lead-new\" width=\"238\" height=\"147\" \/><\/p>\n<\/div><div class=\"fusion-one-fifth fusion-column\">\n<h5 style=\"text-align: left; margin-top: 15px;\"><\/h5>\n<h5 style=\"text-align: left; margin-top: 15px;\"><span style=\"color: #ebebeb;\">PARIS (Si\u00e8ge Social)<\/span><br \/>\n<span style=\"color: #ebebeb;\">18, rue Pasquier<\/span><br \/>\n<span style=\"color: #ebebeb;\">75 008 Paris<\/span><br \/>\n<span style=\"color: #ebebeb;\">France<\/span><br \/>\n<span style=\"color: #ebebeb;\">T\u00e9l. +33 1 78 41 40 13<\/span><\/h5>\n<\/div><div class=\"fusion-one-fifth fusion-column\">\n<h5 style=\"text-align: left; margin-top: 15px;\"><\/h5>\n<h5 style=\"text-align: left; margin-top: 15px;\"><span style=\"color: #ebebeb;\"><strong>LONDRES<\/strong><br \/>\n16 Hanover Square<\/span><br \/>\n<span style=\"color: #ebebeb;\">Mayfair<\/span><br \/>\n<span style=\"color: #ebebeb;\">London W1S 1HT<\/span><br \/>\n<span style=\"color: #ebebeb;\">United Kingdom<\/span><\/h5>\n<\/div><div class=\"fusion-one-fifth fusion-column last\">\n<h5 style=\"text-align: left; margin-top: 15px;\"><span style=\"color: #ebebeb;\"><strong>SINGAPOUR<\/strong><br \/>\n435 Orchard Road<\/span><br \/>\n<span style=\"color: #ebebeb;\">11\/F Wisma Atria<\/span><br \/>\n<span style=\"color: #ebebeb;\">Singapour 238877<\/span><br \/>\n<span style=\"color: #ebebeb;\">T\u00e9l. +65 6701 8226<\/span><\/h5>\n<\/div><div class=\"fusion-clearfix\"><\/div><div class=\"fusion-sep-clear\"><\/div><div class=\"fusion-separator fusion-full-width-sep sep-none\" style=\"border-color:#ffffff;margin-top:25px;\"><\/div><\/div><\/div>\n","protected":false},"excerpt":{"rendered":"","protected":false},"author":1,"featured_media":0,"parent":0,"menu_order":0,"comment_status":"open","ping_status":"open","template":"100-width.php","meta":{"footnotes":""},"class_list":["post-784","page","type-page","status-publish","hentry"],"_links":{"self":[{"href":"https:\/\/way-wise.com\/fr\/wp-json\/wp\/v2\/pages\/784","targetHints":{"allow":["GET"]}}],"collection":[{"href":"https:\/\/way-wise.com\/fr\/wp-json\/wp\/v2\/pages"}],"about":[{"href":"https:\/\/way-wise.com\/fr\/wp-json\/wp\/v2\/types\/page"}],"author":[{"embeddable":true,"href":"https:\/\/way-wise.com\/fr\/wp-json\/wp\/v2\/users\/1"}],"replies":[{"embeddable":true,"href":"https:\/\/way-wise.com\/fr\/wp-json\/wp\/v2\/comments?post=784"}],"version-history":[{"count":38,"href":"https:\/\/way-wise.com\/fr\/wp-json\/wp\/v2\/pages\/784\/revisions"}],"predecessor-version":[{"id":1272,"href":"https:\/\/way-wise.com\/fr\/wp-json\/wp\/v2\/pages\/784\/revisions\/1272"}],"wp:attachment":[{"href":"https:\/\/way-wise.com\/fr\/wp-json\/wp\/v2\/media?parent=784"}],"curies":[{"name":"wp","href":"https:\/\/api.w.org\/{rel}","templated":true}]}}