{"id":780,"date":"2014-12-12T20:10:39","date_gmt":"2014-12-12T19:10:39","guid":{"rendered":" http:\/\/way-wise.com\/?page_id=780"},"modified":"2015-01-26T17:04:06","modified_gmt":"2015-01-26T16:04:06","slug":"expertise-grande-consommation","status":"publish","type":"page","link":"https:\/\/way-wise.com\/fr\/expertise-grande-consommation\/","title":{"rendered":"Expertise : Biens de consommation"},"content":{"rendered":"<div class=\"fusion-fullwidth fullwidth-box\" style=\"background-attachment:scroll;background-color:no;background-position:left top;background-repeat:no-repeat;-webkit-background-size:cover;-moz-background-size:cover;-o-background-size:cover;background-size:cover;border-color:#eae9e9;border-bottom-width: 0px;border-top-width: 0px;border-bottom-style: solid;border-top-style: solid;padding-bottom:0px;padding-left:0px;padding-right:0px;padding-top:0px;\"><div class=\"avada-row\"><style>#wrapper .fusion-button.button-1{border-width:0px;color:#fff;border-color:#fff;}#wrapper .fusion-button.button-1:hover,.fusion-button.button-1:focus,.fusion-button.button-1:active{border-width:0px;border-color:#fff;color:#fff;}#wrapper .fusion-button.button-1{background: #a0ce4e;}#wrapper .fusion-button.button-1:hover,.button-1:focus,.fusion-button.button-1:active{background: #96c346;}<\/style><a class=\"button large button default fusion-button button-flat button-round button-large button-default button-1 buttonshadow-1\" type=\"button\" target=\"_self\" title=\"Retour aux expertises\" href=\" http:\/\/way-wise.com\/?lang=fr#expertises\"><i class=\"fa fa-chevron-left button-icon-left\"><\/i><span class=\"fusion-button-text\"> Retour aux expertises<\/span><\/a><div class=\"fusion-sep-clear\"><\/div><div class=\"fusion-separator fusion-full-width-sep sep-none\" style=\"border-color:#e0dede;margin-top:25px;\"><\/div><div class=\"fusion-title title sep-underline sep-solid\" style=\"border-bottom-color:#b3ccd1;\"><h1 class=\"title-heading-left\">Biens de Consommation<\/h1><\/div><div class=\"fusion-two-fifth fusion-column\"><img loading=\"lazy\" decoding=\"async\" class=\"alignnone wp-image-831 size-full\" src=\" http:\/\/way-wise.com\/wp-content\/uploads\/2014\/12\/consommation.jpg\" alt=\"\" width=\"400\" height=\"200\" srcset=\"https:\/\/way-wise.com\/wp-content\/uploads\/2014\/12\/consommation.jpg 400w, https:\/\/way-wise.com\/wp-content\/uploads\/2014\/12\/consommation-300x150.jpg 300w\" sizes=\"auto, (max-width: 400px) 100vw, 400px\" \/><\/p>\n<p>Les march\u00e9s matures exp\u00e9rimentent un ralentissement de la consommation\u00a0: la crise modifie les comportements des consommateurs qui ont acquis de nouvelles habitudes d\u2019achat gr\u00e2ce \u00e0 la pr\u00e9sence des marques et plateformes d\u2019achats sur internet. Ainsi les circuits de distribution sont en pleine mutation et l\u2019industrie aborde une phase nouvelle de son \u00e9volution. Dans un secteur somme toute dynamique et innovant, les leaders de ces Soci\u00e9t\u00e9s font preuve de cr\u00e9ativit\u00e9, de r\u00e9activit\u00e9 et d\u2019une aptitude \u00e0 la prise de risque calcul\u00e9e dans un environnement mouvant.<\/div><div class=\"fusion-three-fifth fusion-column last\"><div class=\"fusion-title title sep-underline sep-solid\"><h4 class=\"title-heading-left\">E-Luxury Market Transaction Volume 2010-2015<\/h4><\/div><div style=\"background-color:#f6f6f6;\" class=\"fusion-progressbar progress-bar\"><div class=\"progress progress-bar-content\" style=\"width:0%;background-color:#005463;\" role=\"progressbar\" aria-valuemin aria-valuemax=\"100\" aria-valuenow=\"45\"><\/div><span class=\"progress-title sr-only\" style=\"color:#ffffff;\">2015 :  45 Billion RMB<\/span><\/div><div style=\"background-color:#f6f6f6;\" class=\"fusion-progressbar progress-bar\"><div class=\"progress progress-bar-content\" style=\"width:0%;background-color:#b7cfd3;\" role=\"progressbar\" aria-valuemin aria-valuemax=\"100\" aria-valuenow=\"36\"><\/div><span class=\"progress-title sr-only\" style=\"color:#005463;\">2014 :  36 Billion RMB<\/span><\/div><div style=\"background-color:#f6f6f6;\" class=\"fusion-progressbar progress-bar\"><div class=\"progress progress-bar-content\" style=\"width:0%;background-color:#b7cfd3;\" role=\"progressbar\" aria-valuemin aria-valuemax=\"100\" aria-valuenow=\"27\"><\/div><span class=\"progress-title sr-only\" style=\"color:#005463;\">2013 :  27 Billion RMB<\/span><\/div><div style=\"background-color:#f6f6f6;\" class=\"fusion-progressbar progress-bar\"><div class=\"progress progress-bar-content\" style=\"width:0%;background-color:#b7cfd3;\" role=\"progressbar\" aria-valuemin aria-valuemax=\"100\" aria-valuenow=\"19\"><\/div><span class=\"progress-title sr-only\" style=\"color:#005463;\">2012 :  19 Billion RMB<\/span><\/div><div style=\"background-color:#f6f6f6;\" class=\"fusion-progressbar progress-bar\"><div class=\"progress progress-bar-content\" style=\"width:0%;background-color:#b7cfd3;\" role=\"progressbar\" aria-valuemin aria-valuemax=\"100\" aria-valuenow=\"11\"><\/div><span class=\"progress-title sr-only\" style=\"color:#005463;\">2011 :  11 Billion RMB<\/span><\/div><div style=\"background-color:#f6f6f6;\" class=\"fusion-progressbar progress-bar\"><div class=\"progress progress-bar-content\" style=\"width:0%;background-color:#b7cfd3;\" role=\"progressbar\" aria-valuemin aria-valuemax=\"100\" aria-valuenow=\"6\"><\/div><span class=\"progress-title sr-only\" style=\"color:#005463;\">2010 :  6 Billion RMB<\/span><\/div><\/div><div class=\"fusion-clearfix\"><\/div><\/div><\/div><div class=\"fusion-sep-clear\"><\/div><div class=\"fusion-separator fusion-full-width-sep sep-none\" style=\"border-color:#e0dede;margin-top:35px;\"><\/div><div class=\"fusion-fullwidth fullwidth-box\" style=\"background-attachment:scroll;background-color:no;background-image: url( http:\/\/way-wise.com\/wp-content\/uploads\/2014\/11\/bg-slider.jpg);background-position:left top;background-repeat:repeat;border-color:#ffffff;border-bottom-width: 20px;border-top-width: 20px;border-bottom-style: solid;border-top-style: solid;padding-bottom:0px;padding-left:0px;padding-right:0px;padding-top:50px;\"><div class=\"avada-row\"><div class=\"fusion-two-fifth fusion-column\">\n<p style=\"text-align: center;\"><img loading=\"lazy\" decoding=\"async\" class=\"alignnone size-full wp-image-1231\" src=\" http:\/\/way-wise.com\/wp-content\/uploads\/2015\/01\/logo-white-lead-new.png\" alt=\"logo-white-lead-new\" width=\"238\" height=\"147\" \/><\/p>\n<\/div><div class=\"fusion-one-fifth fusion-column\">\n<h5 style=\"text-align: left; margin-top: 15px;\"><\/h5>\n<h5 style=\"text-align: left; margin-top: 15px;\"><span style=\"color: #ebebeb;\">PARIS (Si\u00e8ge Social)<\/span><br \/>\n<span style=\"color: #ebebeb;\">18, rue Pasquier<\/span><br \/>\n<span style=\"color: #ebebeb;\">75 008 Paris<\/span><br \/>\n<span style=\"color: #ebebeb;\">France<\/span><br \/>\n<span style=\"color: #ebebeb;\">T\u00e9l. +33 1 78 41 40 13<\/span><\/h5>\n<\/div><div class=\"fusion-one-fifth fusion-column\">\n<h5 style=\"text-align: left; margin-top: 15px;\"><\/h5>\n<h5 style=\"text-align: left; margin-top: 15px;\"><span style=\"color: #ebebeb;\"><strong>LONDRES<\/strong><br \/>\n16 Hanover Square<\/span><br \/>\n<span style=\"color: #ebebeb;\">Mayfair<\/span><br \/>\n<span style=\"color: #ebebeb;\">London W1S 1HT<\/span><br \/>\n<span style=\"color: #ebebeb;\">United Kingdom<\/span><\/h5>\n<\/div><div class=\"fusion-one-fifth fusion-column last\">\n<h5 style=\"text-align: left; margin-top: 15px;\"><span style=\"color: #ebebeb;\"><strong>SINGAPOUR<\/strong><br \/>\n435 Orchard Road<\/span><br \/>\n<span style=\"color: #ebebeb;\">11\/F Wisma Atria<\/span><br \/>\n<span style=\"color: #ebebeb;\">Singapour 238877<\/span><br \/>\n<span style=\"color: #ebebeb;\">T\u00e9l. +65 6701 8226<\/span><\/h5>\n<\/div><div class=\"fusion-clearfix\"><\/div><div class=\"fusion-sep-clear\"><\/div><div class=\"fusion-separator fusion-full-width-sep sep-none\" style=\"border-color:#ffffff;margin-top:25px;\"><\/div><\/div><\/div>\n","protected":false},"excerpt":{"rendered":"","protected":false},"author":1,"featured_media":0,"parent":0,"menu_order":0,"comment_status":"open","ping_status":"open","template":"100-width.php","meta":{"footnotes":""},"class_list":["post-780","page","type-page","status-publish","hentry"],"_links":{"self":[{"href":"https:\/\/way-wise.com\/fr\/wp-json\/wp\/v2\/pages\/780","targetHints":{"allow":["GET"]}}],"collection":[{"href":"https:\/\/way-wise.com\/fr\/wp-json\/wp\/v2\/pages"}],"about":[{"href":"https:\/\/way-wise.com\/fr\/wp-json\/wp\/v2\/types\/page"}],"author":[{"embeddable":true,"href":"https:\/\/way-wise.com\/fr\/wp-json\/wp\/v2\/users\/1"}],"replies":[{"embeddable":true,"href":"https:\/\/way-wise.com\/fr\/wp-json\/wp\/v2\/comments?post=780"}],"version-history":[{"count":5,"href":"https:\/\/way-wise.com\/fr\/wp-json\/wp\/v2\/pages\/780\/revisions"}],"predecessor-version":[{"id":1267,"href":"https:\/\/way-wise.com\/fr\/wp-json\/wp\/v2\/pages\/780\/revisions\/1267"}],"wp:attachment":[{"href":"https:\/\/way-wise.com\/fr\/wp-json\/wp\/v2\/media?parent=780"}],"curies":[{"name":"wp","href":"https:\/\/api.w.org\/{rel}","templated":true}]}}