{"id":764,"date":"2014-12-12T19:43:22","date_gmt":"2014-12-12T18:43:22","guid":{"rendered":" http:\/\/way-wise.com\/?page_id=764"},"modified":"2015-01-26T17:07:03","modified_gmt":"2015-01-26T16:07:03","slug":"expertise-industrie-automobile","status":"publish","type":"page","link":"https:\/\/way-wise.com\/fr\/expertise-industrie-automobile\/","title":{"rendered":"Expertise : Industrie \/ automobile"},"content":{"rendered":"<div class=\"fusion-fullwidth fullwidth-box\" style=\"background-attachment:scroll;background-color:no;background-position:left top;background-repeat:no-repeat;-webkit-background-size:cover;-moz-background-size:cover;-o-background-size:cover;background-size:cover;border-color:#eae9e9;border-bottom-width: 0px;border-top-width: 0px;border-bottom-style: solid;border-top-style: solid;padding-bottom:0px;padding-left:0px;padding-right:0px;padding-top:0px;\"><div class=\"avada-row\"><style>#wrapper .fusion-button.button-1{border-width:0px;color:#fff;border-color:#fff;}#wrapper .fusion-button.button-1:hover,.fusion-button.button-1:focus,.fusion-button.button-1:active{border-width:0px;border-color:#fff;color:#fff;}#wrapper .fusion-button.button-1{background: #a0ce4e;}#wrapper .fusion-button.button-1:hover,.button-1:focus,.fusion-button.button-1:active{background: #96c346;}<\/style><a class=\"button large button default fusion-button button-flat button-round button-large button-default button-1 buttonshadow-1\" type=\"button\" target=\"_self\" title=\"Retour aux expertises\" href=\" http:\/\/way-wise.com\/?lang=fr#expertises\"><i class=\"fa fa-chevron-left button-icon-left\"><\/i><span class=\"fusion-button-text\"> Retour aux expertises<\/span><\/a><div class=\"fusion-sep-clear\"><\/div><div class=\"fusion-separator fusion-full-width-sep sep-none\" style=\"border-color:#e0dede;margin-top:25px;\"><\/div><div class=\"fusion-title title sep-underline sep-solid\" style=\"border-bottom-color:#b3ccd1;\"><h1 class=\"title-heading-left\">Industrie \/ Automobile<\/h1><\/div><div class=\"fusion-two-fifth fusion-column\"><a href=\" http:\/\/way-wise.com\/wp-content\/uploads\/2014\/12\/automobile.jpg\"><img loading=\"lazy\" decoding=\"async\" class=\"alignnone wp-image-765 size-full\" src=\" http:\/\/way-wise.com\/wp-content\/uploads\/2014\/12\/automobile.jpg\" alt=\"\" width=\"400\" height=\"200\" srcset=\"https:\/\/way-wise.com\/wp-content\/uploads\/2014\/12\/automobile.jpg 400w, https:\/\/way-wise.com\/wp-content\/uploads\/2014\/12\/automobile-300x150.jpg 300w\" sizes=\"auto, (max-width: 400px) 100vw, 400px\" \/><\/a><\/p>\n<p>Le march\u00e9 automobile se redresse lentement apr\u00e8s des ann\u00e9es de changements parfois dramatiques. Les nouvelles technologies (voitures connect\u00e9es, moteurs hybrides et \u00e9lectriques), les nouvelles r\u00e8glementations en mati\u00e8res de pollution ainsi que l\u2019arriv\u00e9e de nouveaux acteurs issus des pays \u00e9mergents cr\u00e9ent les conditions pour un march\u00e9 tr\u00e8s dynamique et toujours en pleine mutation.<\/div><div class=\"fusion-three-fifth fusion-column last\"><div class=\"fusion-title title sep-underline sep-solid\"><h4 class=\"title-heading-left\">Classement des secteurs industriels en termes de valeur ajout\u00e9e<\/h4><\/div><div class=\"fusion-title title sep-underline sep-solid\"><h4 class=\"title-heading-left\"><span style=\"color: #999999;\">Part de chaque secteur dans la valeur ajout\u00e9e industrielle<\/span><\/h4><\/div><div style=\"background-color:#f6f6f6;\" class=\"fusion-progressbar progress-bar\"><div class=\"progress progress-bar-content\" style=\"width:0%;background-color:#b7cfd3;\" role=\"progressbar\" aria-valuemin aria-valuemax=\"100\" aria-valuenow=\"19\"><\/div><span class=\"progress-title sr-only\" style=\"color:#005463;\">Industrie agro-alimentaire 19%<\/span><\/div><div style=\"background-color:#f6f6f6;\" class=\"fusion-progressbar progress-bar\"><div class=\"progress progress-bar-content\" style=\"width:0%;background-color:#b7cfd3;\" role=\"progressbar\" aria-valuemin aria-valuemax=\"100\" aria-valuenow=\"10\"><\/div><span class=\"progress-title sr-only\" style=\"color:#005463;\">Fabrication de produits m\u00e9talliques 10%<\/span><\/div><div style=\"background-color:#f6f6f6;\" class=\"fusion-progressbar progress-bar\"><div class=\"progress progress-bar-content\" style=\"width:0%;background-color:#b7cfd3;\" role=\"progressbar\" aria-valuemin aria-valuemax=\"100\" aria-valuenow=\"10\"><\/div><span class=\"progress-title sr-only\" style=\"color:#005463;\">R\u00e9paration et installation de machines et d&rsquo;\u00e9quipements 10%<\/span><\/div><div style=\"background-color:#f6f6f6;\" class=\"fusion-progressbar progress-bar\"><div class=\"progress progress-bar-content\" style=\"width:0%;background-color:#b7cfd3;\" role=\"progressbar\" aria-valuemin aria-valuemax=\"100\" aria-valuenow=\"8\"><\/div><span class=\"progress-title sr-only\" style=\"color:#005463;\">Industrie chimique 8%<\/span><\/div><div style=\"background-color:#f6f6f6;\" class=\"fusion-progressbar progress-bar\"><div class=\"progress progress-bar-content\" style=\"width:0%;background-color:#b7cfd3;\" role=\"progressbar\" aria-valuemin aria-valuemax=\"100\" aria-valuenow=\"7\"><\/div><span class=\"progress-title sr-only\" style=\"color:#005463;\">Fabrication de machines et \u00e9quipements 7%<\/span><\/div><div style=\"background-color:#f6f6f6;\" class=\"fusion-progressbar progress-bar\"><div class=\"progress progress-bar-content\" style=\"width:0%;background-color:#b7cfd3;\" role=\"progressbar\" aria-valuemin aria-valuemax=\"100\" aria-valuenow=\"5\"><\/div><span class=\"progress-title sr-only\" style=\"color:#005463;\">Fabrication de produits en caoutchouc et en plastique 5%<\/span><\/div><div style=\"background-color:#f6f6f6;\" class=\"fusion-progressbar progress-bar\"><div class=\"progress progress-bar-content\" style=\"width:0%;background-color:#b7cfd3;\" role=\"progressbar\" aria-valuemin aria-valuemax=\"100\" aria-valuenow=\"4\"><\/div><span class=\"progress-title sr-only\" style=\"color:#005463;\">Industrie automobile 4%<\/span><\/div><div style=\"background-color:#f6f6f6;\" class=\"fusion-progressbar progress-bar\"><div class=\"progress progress-bar-content\" style=\"width:0%;background-color:#b7cfd3;\" role=\"progressbar\" aria-valuemin aria-valuemax=\"100\" aria-valuenow=\"4\"><\/div><span class=\"progress-title sr-only\" style=\"color:#005463;\">Fabrication d&rsquo;autres mat\u00e9riels de transport 4%<\/span><\/div><div class=\"fusion-sep-clear\"><\/div><div class=\"fusion-separator fusion-full-width-sep sep-none\" style=\"border-color:#e0dede;margin-top:35px;\"><\/div><div class=\"fusion-title title sep-underline sep-solid\"><h4 class=\"title-heading-left\">L&rsquo;industrie europ\u00e9enne dans le commerce mondial<\/h4><\/div><div class=\"fusion-title title sep-underline sep-solid\"><h4 class=\"title-heading-left\"><span style=\"color: #999999;\">Part de march\u00e9 en millions de dollars des principaux exportateurs mondiaux de marchandises, \u00e0 l&rsquo;exclusion du commerce intra UE (2006)<\/span><\/h4><\/div><div class=\"fusion-counters-circle counters-circle\"><div class=\"counter-circle-wrapper\" style=\"height:110px;width:110px;line-height:110px;\"><div class=\"fusion-counter-circle counter-circle counter-circle-content\" data-percent=\"17\" data-countdown data-filledcolor=\"#005463\" data-unfilledcolor=\"#f6f6f6\" data-scale=\"1\" data-size=\"110\" data-speed=\"1500\" data-strokesize=\"5.5\" style=\"font-size:25px;height:110px;width:110px;line-height:110px;\">17 %<\/div><\/div><div class=\"counter-circle-wrapper\" style=\"height:110px;width:110px;line-height:110px;\"><div class=\"fusion-counter-circle counter-circle counter-circle-content\" data-percent=\"11\" data-countdown data-filledcolor=\"#b7cfd3\" data-unfilledcolor=\"#f6f6f6\" data-scale=\"1\" data-size=\"110\" data-speed=\"1500\" data-strokesize=\"5.5\" style=\"font-size:25px;height:110px;width:110px;line-height:110px;\">11 %<\/div><\/div><div class=\"counter-circle-wrapper\" style=\"height:110px;width:110px;line-height:110px;\"><div class=\"fusion-counter-circle counter-circle counter-circle-content\" data-percent=\"11\" data-countdown data-filledcolor=\"#b7cfd3\" data-unfilledcolor=\"#f6f6f6\" data-scale=\"1\" data-size=\"110\" data-speed=\"1500\" data-strokesize=\"5.5\" style=\"font-size:25px;height:110px;width:110px;line-height:110px;\">11 %<\/div><\/div><div class=\"counter-circle-wrapper\" style=\"height:110px;width:110px;line-height:110px;\"><div class=\"fusion-counter-circle counter-circle counter-circle-content\" data-percent=\"7\" data-countdown data-filledcolor=\"#b7cfd3\" data-unfilledcolor=\"#f6f6f6\" data-scale=\"1\" data-size=\"110\" data-speed=\"1500\" data-strokesize=\"5.5\" style=\"font-size:25px;height:110px;width:110px;line-height:110px;\">7 %<\/div><\/div><div class=\"counter-circle-wrapper\" style=\"height:110px;width:110px;line-height:110px;\"><div class=\"fusion-counter-circle counter-circle counter-circle-content\" data-percent=\"4\" data-countdown data-filledcolor=\"#b7cfd3\" data-unfilledcolor=\"#f6f6f6\" data-scale=\"1\" data-size=\"110\" data-speed=\"1500\" data-strokesize=\"5.5\" style=\"font-size:25px;height:110px;width:110px;line-height:110px;\">4 %<\/div><\/div><\/div>\n<h3 style=\"text-align: center;\"><div class=\"fusion-one-fifth fusion-column\">UE 27 (116 340)<\/div>\n<div class=\"fusion-one-fifth fusion-column\">\u00c9tats Unis (88 500)<\/div>\n<div class=\"fusion-one-fifth fusion-column\">Chine (80 870)<\/div>\n<div class=\"fusion-one-fifth fusion-column\">Japon (55 680)<\/div>\n<div class=\"fusion-one-fifth fusion-column last\">Canada (28 710)<\/div><div class=\"fusion-clearfix\"><\/div><\/h3>\n<\/div><div class=\"fusion-clearfix\"><\/div><\/div><\/div><div class=\"fusion-sep-clear\"><\/div><div class=\"fusion-separator fusion-full-width-sep sep-none\" style=\"border-color:#e0dede;margin-top:35px;\"><\/div>\n<div class=\"fusion-fullwidth fullwidth-box\" style=\"background-attachment:scroll;background-color:no;background-image: url( http:\/\/way-wise.com\/wp-content\/uploads\/2014\/11\/bg-slider.jpg);background-position:left top;background-repeat:repeat;border-color:#ffffff;border-bottom-width: 20px;border-top-width: 20px;border-bottom-style: solid;border-top-style: solid;padding-bottom:0px;padding-left:0px;padding-right:0px;padding-top:50px;\"><div class=\"avada-row\"><div class=\"fusion-two-fifth fusion-column\">\n<p style=\"text-align: center;\"><img loading=\"lazy\" decoding=\"async\" class=\"alignnone size-full wp-image-1231\" src=\" http:\/\/way-wise.com\/wp-content\/uploads\/2015\/01\/logo-white-lead-new.png\" alt=\"logo-white-lead-new\" width=\"238\" height=\"147\" \/><\/p>\n<\/div><div class=\"fusion-one-fifth fusion-column\">\n<h5 style=\"text-align: left; margin-top: 15px;\"><\/h5>\n<h5 style=\"text-align: left; margin-top: 15px;\"><span style=\"color: #ebebeb;\">PARIS (Si\u00e8ge Social)<\/span><br \/>\n<span style=\"color: #ebebeb;\">18, rue Pasquier<\/span><br \/>\n<span style=\"color: #ebebeb;\">75 008 Paris<\/span><br \/>\n<span style=\"color: #ebebeb;\">France<\/span><br \/>\n<span style=\"color: #ebebeb;\">T\u00e9l. +33 1 78 41 40 13<\/span><\/h5>\n<\/div><div class=\"fusion-one-fifth fusion-column\">\n<h5 style=\"text-align: left; margin-top: 15px;\"><\/h5>\n<h5 style=\"text-align: left; margin-top: 15px;\"><span style=\"color: #ebebeb;\"><strong>LONDRES<\/strong><br \/>\n16 Hanover Square<\/span><br \/>\n<span style=\"color: #ebebeb;\">Mayfair<\/span><br \/>\n<span style=\"color: #ebebeb;\">London W1S 1HT<\/span><br \/>\n<span style=\"color: #ebebeb;\">United Kingdom<\/span><\/h5>\n<\/div><div class=\"fusion-one-fifth fusion-column last\">\n<h5 style=\"text-align: left; margin-top: 15px;\"><span style=\"color: #ebebeb;\"><strong>SINGAPOUR<\/strong><br \/>\n435 Orchard Road<\/span><br \/>\n<span style=\"color: #ebebeb;\">11\/F Wisma Atria<\/span><br \/>\n<span style=\"color: #ebebeb;\">Singapour 238877<\/span><br \/>\n<span style=\"color: #ebebeb;\">T\u00e9l. +65 6701 8226<\/span><\/h5>\n<\/div><div class=\"fusion-clearfix\"><\/div><div class=\"fusion-sep-clear\"><\/div><div class=\"fusion-separator fusion-full-width-sep sep-none\" style=\"border-color:#ffffff;margin-top:25px;\"><\/div><\/div><\/div>\n","protected":false},"excerpt":{"rendered":"","protected":false},"author":1,"featured_media":0,"parent":0,"menu_order":0,"comment_status":"open","ping_status":"open","template":"100-width.php","meta":{"footnotes":""},"class_list":["post-764","page","type-page","status-publish","hentry"],"_links":{"self":[{"href":"https:\/\/way-wise.com\/fr\/wp-json\/wp\/v2\/pages\/764","targetHints":{"allow":["GET"]}}],"collection":[{"href":"https:\/\/way-wise.com\/fr\/wp-json\/wp\/v2\/pages"}],"about":[{"href":"https:\/\/way-wise.com\/fr\/wp-json\/wp\/v2\/types\/page"}],"author":[{"embeddable":true,"href":"https:\/\/way-wise.com\/fr\/wp-json\/wp\/v2\/users\/1"}],"replies":[{"embeddable":true,"href":"https:\/\/way-wise.com\/fr\/wp-json\/wp\/v2\/comments?post=764"}],"version-history":[{"count":11,"href":"https:\/\/way-wise.com\/fr\/wp-json\/wp\/v2\/pages\/764\/revisions"}],"predecessor-version":[{"id":1269,"href":"https:\/\/way-wise.com\/fr\/wp-json\/wp\/v2\/pages\/764\/revisions\/1269"}],"wp:attachment":[{"href":"https:\/\/way-wise.com\/fr\/wp-json\/wp\/v2\/media?parent=764"}],"curies":[{"name":"wp","href":"https:\/\/api.w.org\/{rel}","templated":true}]}}