{"id":576,"date":"2014-12-10T15:37:01","date_gmt":"2014-12-10T14:37:01","guid":{"rendered":" http:\/\/way-wise.com\/?page_id=576"},"modified":"2015-01-26T17:04:48","modified_gmt":"2015-01-26T16:04:48","slug":"expertise-energie","status":"publish","type":"page","link":"https:\/\/way-wise.com\/fr\/expertise-energie\/","title":{"rendered":"Expertise : \u00c9nergie"},"content":{"rendered":"<div class=\"fusion-fullwidth fullwidth-box\" style=\"background-attachment:scroll;background-color:no;background-position:left top;background-repeat:no-repeat;-webkit-background-size:cover;-moz-background-size:cover;-o-background-size:cover;background-size:cover;border-color:#eae9e9;border-bottom-width: 0px;border-top-width: 0px;border-bottom-style: solid;border-top-style: solid;padding-bottom:0px;padding-left:0px;padding-right:0px;padding-top:0px;\"><div class=\"avada-row\"><style>#wrapper .fusion-button.button-1{border-width:0px;color:#fff;border-color:#fff;}#wrapper .fusion-button.button-1:hover,.fusion-button.button-1:focus,.fusion-button.button-1:active{border-width:0px;border-color:#fff;color:#fff;}#wrapper .fusion-button.button-1{background: #a0ce4e;}#wrapper .fusion-button.button-1:hover,.button-1:focus,.fusion-button.button-1:active{background: #96c346;}<\/style><a class=\"button large button default fusion-button button-flat button-round button-large button-default button-1 buttonshadow-1\" type=\"button\" target=\"_self\" title=\"Retour aux expertises\" href=\" http:\/\/way-wise.com\/?lang=fr#expertises\"><i class=\"fa fa-chevron-left button-icon-left\"><\/i><span class=\"fusion-button-text\"> Retour aux expertises<\/span><\/a><div class=\"fusion-sep-clear\"><\/div><div class=\"fusion-separator fusion-full-width-sep sep-none\" style=\"border-color:#e0dede;margin-top:25px;\"><\/div><div class=\"fusion-title title sep-underline sep-solid\" style=\"border-bottom-color:#b3ccd1;\"><h1 class=\"title-heading-left\">\u00c9nergie<\/h1><\/div><div class=\"fusion-two-fifth fusion-column\"><a href=\" http:\/\/way-wise.com\/wp-content\/uploads\/2014\/12\/energie.jpg\"><img loading=\"lazy\" decoding=\"async\" class=\"alignnone wp-image-686 size-full\" src=\" http:\/\/way-wise.com\/wp-content\/uploads\/2014\/12\/energie.jpg\" alt=\"energie\" width=\"400\" height=\"200\" srcset=\"https:\/\/way-wise.com\/wp-content\/uploads\/2014\/12\/energie.jpg 400w, https:\/\/way-wise.com\/wp-content\/uploads\/2014\/12\/energie-300x150.jpg 300w\" sizes=\"auto, (max-width: 400px) 100vw, 400px\" \/><\/a><\/p>\n<p>Ce march\u00e9 a connu pendant des d\u00e9cennies une forte croissance de la demande aussi bien sur les pays matures qu\u2019\u00e9mergents. Par ailleurs, la technologie a longtemps \u00e9t\u00e9 l\u2019apanage des grands groupes occidentaux, leur permettant de conserver des marges relativement importantes.<\/p>\n<p>Depuis quelques ann\u00e9es, la demande a stagn\u00e9 dans les pays matures. Les grands groupes occidentaux, connaissent donc un fort ralentissement sur leur propre march\u00e9 avec un effondrement de leur marge. On note aussi l\u2019arriv\u00e9e de nouveaux concurrents tr\u00e8s comp\u00e9titifs, issus des pays \u00e9mergents, l\u00e0 ou la demande continue de cro\u00eetre.<\/p>\n<p>Par ailleurs, la hausse exponentielle de la taille des projets et ainsi des risques financiers li\u00e9s aux investissements, a pouss\u00e9 les grands groupes d\u2019engineering et de construction \u00e0 mieux g\u00e9rer et structurer ces projets: planification, gestion des contrats, contr\u00f4le des co\u00fbts, qualit\u00e9\u2026<\/div><div class=\"fusion-three-fifth fusion-column last\"><div class=\"fusion-title title sep-underline sep-solid\"><h4 class=\"title-heading-left\">Production <span style=\"color: #999999;\">(13 371 millions de tonnes d&rsquo;equivalent p\u00e9trole)<\/span><\/h4><\/div><div style=\"background-color:#f9f9f9;\" class=\"fusion-progressbar progress-bar\"><div class=\"progress progress-bar-content\" style=\"width:0%;background-color:#005463;\" role=\"progressbar\" aria-valuemin aria-valuemax=\"100\" aria-valuenow=\"52\"><\/div><span class=\"progress-title sr-only\" style=\"color:#ffffff;\">Hydrocarbures 52%<\/span><\/div><div style=\"background-color:#f9f9f9;\" class=\"fusion-progressbar progress-bar\"><div class=\"progress progress-bar-content\" style=\"width:0%;background-color:#b7cfd3;\" role=\"progressbar\" aria-valuemin aria-valuemax=\"100\" aria-valuenow=\"29\"><\/div><span class=\"progress-title sr-only\" style=\"color:#005463;\">Charbon 29%<\/span><\/div><div style=\"background-color:#f9f9f9;\" class=\"fusion-progressbar progress-bar\"><div class=\"progress progress-bar-content\" style=\"width:0%;background-color:#b7cfd3;\" role=\"progressbar\" aria-valuemin aria-valuemax=\"100\" aria-valuenow=\"10\"><\/div><span class=\"progress-title sr-only\" style=\"color:#005463;\">Bio carburants, biomasse 10%<\/span><\/div><div style=\"background-color:#f9f9f9;\" class=\"fusion-progressbar progress-bar\"><div class=\"progress progress-bar-content\" style=\"width:0%;background-color:#b7cfd3;\" role=\"progressbar\" aria-valuemin aria-valuemax=\"100\" aria-valuenow=\"7\"><\/div><span class=\"progress-title sr-only\" style=\"color:#005463;\">\u00c9lectricit\u00e9 7%<\/span><\/div><div style=\"background-color:#f9f9f9;\" class=\"fusion-progressbar progress-bar\"><div class=\"progress progress-bar-content\" style=\"width:0%;background-color:#b7cfd3;\" role=\"progressbar\" aria-valuemin aria-valuemax=\"100\" aria-valuenow=\"3\"><\/div><span class=\"progress-title sr-only\" style=\"color:#005463;\">Autres 3%<\/span><\/div><div class=\"fusion-sep-clear\"><\/div><div class=\"fusion-separator fusion-full-width-sep sep-none\" style=\"border-color:#e0dede;margin-top:35px;\"><\/div><div class=\"fusion-title title sep-underline sep-solid\"><h4 class=\"title-heading-left\">Consommation <span style=\"color: #999999;\">(9 979 millions de tonnes d&rsquo;equivalent p\u00e9trole)<\/span><\/h4><\/div><div style=\"background-color:#f9f9f9;\" class=\"fusion-progressbar progress-bar\"><div class=\"progress progress-bar-content\" style=\"width:0%;background-color:#005463;\" role=\"progressbar\" aria-valuemin aria-valuemax=\"100\" aria-valuenow=\"56\"><\/div><span class=\"progress-title sr-only\" style=\"color:#ffffff;\">Hydrocarbures 56%<\/span><\/div><div style=\"background-color:#f9f9f9;\" class=\"fusion-progressbar progress-bar\"><div class=\"progress progress-bar-content\" style=\"width:0%;background-color:#b7cfd3;\" role=\"progressbar\" aria-valuemin aria-valuemax=\"100\" aria-valuenow=\"18\"><\/div><span class=\"progress-title sr-only\" style=\"color:#005463;\">\u00c9lectricit\u00e9 18%<\/span><\/div><div style=\"background-color:#f9f9f9;\" class=\"fusion-progressbar progress-bar\"><div class=\"progress progress-bar-content\" style=\"width:0%;background-color:#b7cfd3;\" role=\"progressbar\" aria-valuemin aria-valuemax=\"100\" aria-valuenow=\"12\"><\/div><span class=\"progress-title sr-only\" style=\"color:#005463;\">Bio carburants, biomasse 12%<\/span><\/div><div style=\"background-color:#f9f9f9;\" class=\"fusion-progressbar progress-bar\"><div class=\"progress progress-bar-content\" style=\"width:0%;background-color:#b7cfd3;\" role=\"progressbar\" aria-valuemin aria-valuemax=\"100\" aria-valuenow=\"10\"><\/div><span class=\"progress-title sr-only\" style=\"color:#005463;\">Charbon 10%<\/span><\/div><div style=\"background-color:#f9f9f9;\" class=\"fusion-progressbar progress-bar\"><div class=\"progress progress-bar-content\" style=\"width:0%;background-color:#b7cfd3;\" role=\"progressbar\" aria-valuemin aria-valuemax=\"100\" aria-valuenow=\"4\"><\/div><span class=\"progress-title sr-only\" style=\"color:#005463;\">Autres 4%<\/span><\/div><\/div><div class=\"fusion-clearfix\"><\/div><\/div><\/div><div class=\"fusion-sep-clear\"><\/div><div class=\"fusion-separator fusion-full-width-sep sep-none\" style=\"border-color:#e0dede;margin-top:35px;\"><\/div>\n<div class=\"fusion-fullwidth fullwidth-box\" style=\"background-attachment:scroll;background-color:no;background-image: url( http:\/\/way-wise.com\/wp-content\/uploads\/2014\/11\/bg-slider.jpg);background-position:left top;background-repeat:repeat;border-color:#ffffff;border-bottom-width: 20px;border-top-width: 20px;border-bottom-style: solid;border-top-style: solid;padding-bottom:0px;padding-left:0px;padding-right:0px;padding-top:50px;\"><div class=\"avada-row\"><div class=\"fusion-two-fifth fusion-column\">\n<p style=\"text-align: center;\"><img loading=\"lazy\" decoding=\"async\" class=\"alignnone size-full wp-image-1231\" src=\" http:\/\/way-wise.com\/wp-content\/uploads\/2015\/01\/logo-white-lead-new.png\" alt=\"logo-white-lead-new\" width=\"238\" height=\"147\" \/><\/p>\n<\/div><div class=\"fusion-one-fifth fusion-column\">\n<h5 style=\"text-align: left; margin-top: 15px;\"><\/h5>\n<h5 style=\"text-align: left; margin-top: 15px;\"><span style=\"color: #ebebeb;\">PARIS (Si\u00e8ge Social)<\/span><br \/>\n<span style=\"color: #ebebeb;\">18, rue Pasquier<\/span><br \/>\n<span style=\"color: #ebebeb;\">75 008 Paris<\/span><br \/>\n<span style=\"color: #ebebeb;\">France<\/span><br \/>\n<span style=\"color: #ebebeb;\">T\u00e9l. +33 1 78 41 40 13<\/span><\/h5>\n<\/div><div class=\"fusion-one-fifth fusion-column\">\n<h5 style=\"text-align: left; margin-top: 15px;\"><\/h5>\n<h5 style=\"text-align: left; margin-top: 15px;\"><span style=\"color: #ebebeb;\"><strong>LONDRES<\/strong><br \/>\n16 Hanover Square<\/span><br \/>\n<span style=\"color: #ebebeb;\">Mayfair<\/span><br \/>\n<span style=\"color: #ebebeb;\">London W1S 1HT<\/span><br \/>\n<span style=\"color: #ebebeb;\">United Kingdom<\/span><\/h5>\n<\/div><div class=\"fusion-one-fifth fusion-column last\">\n<h5 style=\"text-align: left; margin-top: 15px;\"><span style=\"color: #ebebeb;\"><strong>SINGAPOUR<\/strong><br \/>\n435 Orchard Road<\/span><br \/>\n<span style=\"color: #ebebeb;\">11\/F Wisma Atria<\/span><br \/>\n<span style=\"color: #ebebeb;\">Singapour 238877<\/span><br \/>\n<span style=\"color: #ebebeb;\">T\u00e9l. +65 6701 8226<\/span><\/h5>\n<\/div><div class=\"fusion-clearfix\"><\/div><div class=\"fusion-sep-clear\"><\/div><div class=\"fusion-separator fusion-full-width-sep sep-none\" style=\"border-color:#ffffff;margin-top:25px;\"><\/div><\/div><\/div>\n","protected":false},"excerpt":{"rendered":"","protected":false},"author":1,"featured_media":0,"parent":0,"menu_order":0,"comment_status":"open","ping_status":"open","template":"100-width.php","meta":{"footnotes":""},"class_list":["post-576","page","type-page","status-publish","hentry"],"_links":{"self":[{"href":"https:\/\/way-wise.com\/fr\/wp-json\/wp\/v2\/pages\/576","targetHints":{"allow":["GET"]}}],"collection":[{"href":"https:\/\/way-wise.com\/fr\/wp-json\/wp\/v2\/pages"}],"about":[{"href":"https:\/\/way-wise.com\/fr\/wp-json\/wp\/v2\/types\/page"}],"author":[{"embeddable":true,"href":"https:\/\/way-wise.com\/fr\/wp-json\/wp\/v2\/users\/1"}],"replies":[{"embeddable":true,"href":"https:\/\/way-wise.com\/fr\/wp-json\/wp\/v2\/comments?post=576"}],"version-history":[{"count":110,"href":"https:\/\/way-wise.com\/fr\/wp-json\/wp\/v2\/pages\/576\/revisions"}],"predecessor-version":[{"id":1268,"href":"https:\/\/way-wise.com\/fr\/wp-json\/wp\/v2\/pages\/576\/revisions\/1268"}],"wp:attachment":[{"href":"https:\/\/way-wise.com\/fr\/wp-json\/wp\/v2\/media?parent=576"}],"curies":[{"name":"wp","href":"https:\/\/api.w.org\/{rel}","templated":true}]}}